{"id":21,"date":"2015-03-16T15:02:57","date_gmt":"2015-03-16T14:02:57","guid":{"rendered":"http:\/\/www.betterstyle.at\/?page_id=21"},"modified":"2026-04-25T16:11:19","modified_gmt":"2026-04-25T14:11:19","slug":"farn-typberatung","status":"publish","type":"page","link":"https:\/\/www.betterstyle.at\/","title":{"rendered":""},"content":{"rendered":"\n<div class=\"wp-block-buttons is-layout-flex wp-block-buttons-is-layout-flex\">\n<div class=\"wp-block-button is-style-outline is-style-outline--1\"><a class=\"wp-block-button__link wp-element-button\" href=\"https:\/\/colortypequiz.netlify.app\/\">Colortypequiz<\/a><\/div>\n<\/div>\n\n\n\n<h1 class=\"wp-block-heading\">(Online-) Farbberatung <\/h1>\n\n\n<p style=\"text-align: left;\">Bei der Farbberatung orientiere ich mich am nat\u00fcrlichen Kolorit eines Menschen. <br \/>Welche Augenfarbe bzw. Haarfarbe wurde dir von der Natur geschenkt? <br \/>Wie ist dein Teint?<br \/>Anhand dessen finde ich gemeinsam mit dir heraus, <br \/>welche Farben dich besonders strahlen lassen <br \/>und deine Einzigartigkeit und nat\u00fcrliche Sch\u00f6nheit hervorheben und betonen.<br \/>Au\u00dferdem zeige ich dir, wie du Farben am besten kombinierst<br \/>und Fehlk\u00e4ufe in Zukunft vermeidest.<\/p>\n<p>Onlineberatung: \u20ac200.-\u00a0<br \/>Einzelberatung: \u20ac210.-\u00a0<br \/>Farb- und Stilkombi: \u20ac380.- (Einzelberatung)<br \/>Gruppenpreis auf Anfrage<\/p>\n<p style=\"text-align: justify;\"><strong>Farb- und Stilberatung &#8211; Kombi<\/strong><span style=\"color: #800000;\"><strong><br \/><\/strong><\/span><strong>Du bekommst: <\/strong><\/p>\n<ul>\n<li>Deinen pers\u00f6nlichen Farbpass inkl. Shopping &amp; Outfitinspo<\/li>\n<li>Erkl\u00e4rung deines Farbtyps<\/li>\n<li>Farben, Muster, Schnitte und Accessoires f\u00fcr deinen Typ<\/li>\n<li>Aufbau und typgerechte Kombination deiner Garderobe<\/li>\n<li>personalisierte Make-up und Nagellack Empfehlungen<\/li>\n<li>exklusiven Shoppingrabatt<\/li>\n<\/ul>\n<p><strong>So funktioniert es:<br \/><\/strong>In 4 Wochen erarbeiten wir gemeinsam deinen Farb- und Stiltyp.<br \/>Die Beratung setzt sich wie folgt zusammen:<\/p>\n<ul>\n<li>Bodycheck anhand deiner Fotos<\/li>\n<li>\u00a04 x 40 Minuten Onlinetermine\u00a0<\/li>\n<li>kleine ToDo\u2019s f\u00fcr zu Hause<\/li>\n<\/ul>\n<p style=\"text-align: justify;\">Einzelberatung: \u20ac380.-\u00a0<br \/>Gruppenpreis auf Anfrage<\/p>\n<p style=\"text-align: justify;\">Gerne erstelle ich dir individuelle Kombi-Angebote <br \/>(z.B. Stilberatung und Kleiderkastendetox oder Personalshopping, Farbberatung und Schminkberatung)<\/p>\n\n\n<p><strong>Schminkberatung<\/strong><br>Gemeinsam schauen wir uns an, welche Produkte du bereits zu Hause hast, was weg kann und was fehlt.<br>Du lernst ein zu deinem Gesicht passendes, einfaches Tages-Make-Up, <br>das sich mit nur wenigen Handgriffen in ein Abend-Make-Up verwandeln l\u00e4sst.<br>Nat\u00fcrlich ist es auch m\u00f6glich sich f\u00fcr einen speziellen Anlass professionell schminken zu lassen. <br>F\u00fcr ein individuelles Angebot, sende mir bitte ein E-Mail: <a href=\"mailto:sarah@betterstyle.at\">sarah@betterstyle.at<\/a><br>Einzelberatung: \u20ac170.-<br><strong>Auch als Gruppe buchbar (z.B. Poltern, Geburtstagsfeier, etc. &#8211; Babys k\u00f6nnen gerne mitgenommen werden): \u20ac200.- f\u00fcr 2 Personen, jede weitere Person \u20ac20.-<\/strong><br><\/p>\n\n\n","protected":false},"excerpt":{"rendered":"<p>(Online-) Farbberatung Bei der Farbberatung orientiere ich mich am nat\u00fcrlichen Kolorit eines Menschen. Welche Augenfarbe bzw. Haarfarbe wurde dir von der Natur geschenkt? Wie ist &hellip; <\/p>\n","protected":false},"author":1,"featured_media":0,"parent":0,"menu_order":0,"comment_status":"closed","ping_status":"closed","template":"","meta":{"footnotes":""},"class_list":["post-21","page","type-page","status-publish","hentry"],"_links":{"self":[{"href":"https:\/\/www.betterstyle.at\/index.php?rest_route=\/wp\/v2\/pages\/21","targetHints":{"allow":["GET"]}}],"collection":[{"href":"https:\/\/www.betterstyle.at\/index.php?rest_route=\/wp\/v2\/pages"}],"about":[{"href":"https:\/\/www.betterstyle.at\/index.php?rest_route=\/wp\/v2\/types\/page"}],"author":[{"embeddable":true,"href":"https:\/\/www.betterstyle.at\/index.php?rest_route=\/wp\/v2\/users\/1"}],"replies":[{"embeddable":true,"href":"https:\/\/www.betterstyle.at\/index.php?rest_route=%2Fwp%2Fv2%2Fcomments&post=21"}],"version-history":[{"count":62,"href":"https:\/\/www.betterstyle.at\/index.php?rest_route=\/wp\/v2\/pages\/21\/revisions"}],"predecessor-version":[{"id":1102,"href":"https:\/\/www.betterstyle.at\/index.php?rest_route=\/wp\/v2\/pages\/21\/revisions\/1102"}],"wp:attachment":[{"href":"https:\/\/www.betterstyle.at\/index.php?rest_route=%2Fwp%2Fv2%2Fmedia&parent=21"}],"curies":[{"name":"wp","href":"https:\/\/api.w.org\/{rel}","templated":true}]}}