{"id":40,"date":"2015-03-16T15:07:06","date_gmt":"2015-03-16T14:07:06","guid":{"rendered":"http:\/\/www.betterstyle.at\/?page_id=40"},"modified":"2018-12-10T16:48:00","modified_gmt":"2018-12-10T15:48:00","slug":"quick-business-style","status":"publish","type":"page","link":"https:\/\/www.betterstyle.at\/?page_id=40","title":{"rendered":"Quick-Business-Style"},"content":{"rendered":"<p><a href=\"http:\/\/www.betterstyle.at\/wp-content\/uploads\/2015\/03\/frischerSevi-1.jpg\"><img loading=\"lazy\" decoding=\"async\" class=\"size-medium wp-image-319 alignleft\" src=\"http:\/\/www.betterstyle.at\/wp-content\/uploads\/2015\/03\/frischerSevi-1-300x253.jpg\" alt=\"\" width=\"300\" height=\"253\" srcset=\"https:\/\/www.betterstyle.at\/wp-content\/uploads\/2015\/03\/frischerSevi-1-300x253.jpg 300w, https:\/\/www.betterstyle.at\/wp-content\/uploads\/2015\/03\/frischerSevi-1.jpg 354w\" sizes=\"auto, (max-width: 300px) 100vw, 300px\" \/><\/a>Vorstellungsgespr\u00e4ch? Neuer Job? Bef\u00f6rderung?<\/p>\n<p>Es gibt viele Gr\u00fcnde f\u00fcr eine Quick-Business-Style-Beratung.<br \/>\nHierbei helfe ich Ihnen sich f\u00fcr Ihren Job passend und doch einzigartig zu kleiden.<\/p>\n<p>Ob das nun ein Vorstellungsgespr\u00e4ch, ein Seminar oder der t\u00e4gliche B\u00fcrolook sein soll.\u00a0Gemeinsam erstellen wir Ihren ganz individuellen Businesslook, passend zu Ihrer Pers\u00f6nlichkeit und trotzdem den Kleidervorschriften Ihrer Branche entsprechend.<\/p>\n<p>Dauer: ca. 1 Stunde<br \/>\n\u20ac160.&#8211;<\/p>\n","protected":false},"excerpt":{"rendered":"<p>Vorstellungsgespr\u00e4ch? Neuer Job? Bef\u00f6rderung? Es gibt viele Gr\u00fcnde f\u00fcr eine Quick-Business-Style-Beratung. Hierbei helfe ich Ihnen sich f\u00fcr Ihren Job passend und doch einzigartig zu kleiden. &hellip; <\/p>\n","protected":false},"author":1,"featured_media":0,"parent":0,"menu_order":0,"comment_status":"closed","ping_status":"open","template":"","meta":{"footnotes":""},"class_list":["post-40","page","type-page","status-publish","hentry"],"_links":{"self":[{"href":"https:\/\/www.betterstyle.at\/index.php?rest_route=\/wp\/v2\/pages\/40","targetHints":{"allow":["GET"]}}],"collection":[{"href":"https:\/\/www.betterstyle.at\/index.php?rest_route=\/wp\/v2\/pages"}],"about":[{"href":"https:\/\/www.betterstyle.at\/index.php?rest_route=\/wp\/v2\/types\/page"}],"author":[{"embeddable":true,"href":"https:\/\/www.betterstyle.at\/index.php?rest_route=\/wp\/v2\/users\/1"}],"replies":[{"embeddable":true,"href":"https:\/\/www.betterstyle.at\/index.php?rest_route=%2Fwp%2Fv2%2Fcomments&post=40"}],"version-history":[{"count":10,"href":"https:\/\/www.betterstyle.at\/index.php?rest_route=\/wp\/v2\/pages\/40\/revisions"}],"predecessor-version":[{"id":501,"href":"https:\/\/www.betterstyle.at\/index.php?rest_route=\/wp\/v2\/pages\/40\/revisions\/501"}],"wp:attachment":[{"href":"https:\/\/www.betterstyle.at\/index.php?rest_route=%2Fwp%2Fv2%2Fmedia&parent=40"}],"curies":[{"name":"wp","href":"https:\/\/api.w.org\/{rel}","templated":true}]}}