{"id":450,"date":"2018-05-10T22:07:27","date_gmt":"2018-05-10T20:07:27","guid":{"rendered":"http:\/\/www.betterstyle.at\/?page_id=450"},"modified":"2026-04-22T11:22:18","modified_gmt":"2026-04-22T09:22:18","slug":"seminare","status":"publish","type":"page","link":"https:\/\/www.betterstyle.at\/?page_id=450","title":{"rendered":"Personalshopping"},"content":{"rendered":"\n<p>Keine Zeit f\u00fcr ausgiebige Shoppingtouren?<br>Du wei\u00dft nicht, wo es die passenden Shops f\u00fcr dich und deinen Geschmack gibt?<br>Oder shoppst du gerne und ausgiebig und hast danach trotzdem nichts zum Anziehen?<br>Mit einer professionellen Shoppingberatung wird Kleiderkaufen f\u00fcr dich bald zum Kinderspiel.<br>Einzelberatung: \u20ac90.\u2013 pro Stunde inkl. exklusivem Shoppingrabatt<br>Gruppenberatung auf Anfrage<br><br><strong>Online-Personalshopping<\/strong><br>Du shoppst am liebsten online, bist aber mit dem Angebot \u00fcberfordert?<br>Oder dir fehlt einfach die Inspiration f\u00fcr passende Outfits?<br>Ich erstelle dir eine Collage mit Looks, die zu deinem Typ passen und schicke dir die aktuellen Links dazu!<br>Einzelberatung: \u20ac60.\u2013 inkl. exklusivem Shoppingrabatt<br>Gruppenberatung auf Anfrage<br><\/p>\n","protected":false},"excerpt":{"rendered":"<p>Keine Zeit f\u00fcr ausgiebige Shoppingtouren?Du wei\u00dft nicht, wo es die passenden Shops f\u00fcr dich und deinen Geschmack gibt?Oder shoppst du gerne und ausgiebig und hast &hellip; <\/p>\n","protected":false},"author":2,"featured_media":0,"parent":0,"menu_order":0,"comment_status":"closed","ping_status":"closed","template":"","meta":{"footnotes":""},"class_list":["post-450","page","type-page","status-publish","hentry"],"_links":{"self":[{"href":"https:\/\/www.betterstyle.at\/index.php?rest_route=\/wp\/v2\/pages\/450","targetHints":{"allow":["GET"]}}],"collection":[{"href":"https:\/\/www.betterstyle.at\/index.php?rest_route=\/wp\/v2\/pages"}],"about":[{"href":"https:\/\/www.betterstyle.at\/index.php?rest_route=\/wp\/v2\/types\/page"}],"author":[{"embeddable":true,"href":"https:\/\/www.betterstyle.at\/index.php?rest_route=\/wp\/v2\/users\/2"}],"replies":[{"embeddable":true,"href":"https:\/\/www.betterstyle.at\/index.php?rest_route=%2Fwp%2Fv2%2Fcomments&post=450"}],"version-history":[{"count":63,"href":"https:\/\/www.betterstyle.at\/index.php?rest_route=\/wp\/v2\/pages\/450\/revisions"}],"predecessor-version":[{"id":1101,"href":"https:\/\/www.betterstyle.at\/index.php?rest_route=\/wp\/v2\/pages\/450\/revisions\/1101"}],"wp:attachment":[{"href":"https:\/\/www.betterstyle.at\/index.php?rest_route=%2Fwp%2Fv2%2Fmedia&parent=450"}],"curies":[{"name":"wp","href":"https:\/\/api.w.org\/{rel}","templated":true}]}}