{"id":55,"date":"2015-03-16T15:10:20","date_gmt":"2015-03-16T14:10:20","guid":{"rendered":"http:\/\/www.betterstyle.at\/?page_id=55"},"modified":"2026-03-01T15:46:06","modified_gmt":"2026-03-01T14:46:06","slug":"ueber-mich","status":"publish","type":"page","link":"https:\/\/www.betterstyle.at\/?page_id=55","title":{"rendered":"Kurse &amp; Workshops"},"content":{"rendered":"\n<p><strong>Start n\u00e4chste Ausbildung Farb-, Stil- und Imageberatung:<\/strong><br><strong>Mai 2026&nbsp;<a href=\"http:\/\/www.betterstyle.at\/wp-content\/uploads\/2023\/01\/Ausbildung-Farbe-Stil-Image.pdf\">Ausbildung Farbe, Stil, Image<\/a><br>f\u00fcr mehr Details:<a href=\"mailto:sarah@betterstyle.at\">sarah@betterstyle.at<\/a><\/strong><\/p>\n\n\n\n<h2 class=\"wp-block-heading\">from vision to confidence<\/h2>\n\n\n\n<p>Ein Workshop f\u00fcr Pr\u00e4senz, Ausstrahlung und einen ersten Eindruck der zu dir passt.<\/p>\n\n\n\n<div class=\"wp-block-buttons is-layout-flex wp-block-buttons-is-layout-flex\">\n<div class=\"wp-block-button\"><a class=\"wp-block-button__link wp-element-button\" href=\"sarah@betterstyle.at\">hier anmelden<\/a><\/div>\n\n\n\n<div class=\"wp-block-button is-style-outline is-style-outline--1\"><a class=\"wp-block-button__link wp-element-button\" href=\"https:\/\/www.fromvisiontogoal.at\/\">from vision to goal<\/a><\/div>\n<\/div>\n\n\n\n<p>Manchmal ist alles da. Kompetenz, Erfahrung, Pers\u00f6nlichkeit. <br>Trotzdem f\u00fchlt sich dein Auftritt nicht stimmig an.<\/p>\n\n\n\n<p>Dieser Workshop verbindet innere Klarheit mit \u00e4u\u00dferer Wirkung. <br>F\u00fcr Menschen dir nicht lauter wirken wollen, sondern echter.<\/p>\n\n\n\n<p><strong><em>Zwei Expertinnen, eine Intention<\/em><\/strong><\/p>\n\n\n\n<p>Anna, Visioncoach, und ich haben unsere Expertise bewusst zusammengef\u00fchrt.<br>Weil echte Ausstrahlung und Selbstbewusstsein dort entstehen, wo Innensicht und Au\u00dfensicht zusammenkommen. <br>Wir begleiten dich dabei deine innere Haltung zu sch\u00e4rfen, Fremd- und Selbstwahrnehmung anzugleichen, arbeiten an deiner Pr\u00e4senz, deinem Selbstvertrauen und einem Auftritt der dich widerspiegelt und nicht verkleidet. Gemeinsam schaffen wir einen Raum in dem du lernst dich mit dir selbst wohlzuf\u00fchlen und das auch auszustrahlen.<\/p>\n\n\n\n<p><strong><em>Die Kraft des ersten Eindrucks<\/em><\/strong><\/p>\n\n\n\n<p>Der erste Eindruck passiert schneller als wir denken. Die ersten paar Sekunden entscheiden wie klar, authentisch und kompetent wir wahrgenommen werden. <br>In diesem Workshop lernst du, wie du diesen Moment bewusst gestaltest.<\/p>\n\n\n\n<p><strong><em>Was dich erwartet<\/em><\/strong><\/p>\n\n\n\n<p>exklusiver Workshop in kleinem, pers\u00f6nlichem Rahmen <br>Vision- und Pr\u00e4senzarbeit<br>Kurzfarbberatung mit sofortiger Wirkung<br>Verbindung von innerer Klarheit und \u00e4u\u00dferer Wirkung<br>Tiefe, Leichtigkeit und echte Aha-Momente<\/p>\n\n\n\n<p><strong><em>F\u00fcr wen der Workshop ist<\/em><\/strong><\/p>\n\n\n\n<p>F\u00fcr Menschen die<br>sich selbstbewusst zeigen wollen<br>ihren Auftritt verfeinern m\u00f6chten<br>sich mit sich selbst wohler f\u00fchlen wollen<\/p>\n\n\n\n<p><strong>Wann:<\/strong> 18. April 2026, 9.00 &#8211; 13.00<br><strong>Wo:<\/strong> Arriola Tanzstudio, Schottenfeldgasse 72, 1070 Wien<br><\/p>\n\n\n\n<div class=\"wp-block-buttons is-layout-flex wp-block-buttons-is-layout-flex\">\n<div class=\"wp-block-button is-style-outline is-style-outline--2\"><a class=\"wp-block-button__link wp-element-button\" href=\"mailto:sarah@betterstyle.at\">hier anmelden<\/a><\/div>\n<\/div>\n\n\n\n<p><strong>Fr\u00fchjahrsangebot: -25%<\/strong> <br>217,50\u20ac statt 290\u20ac<\/p>\n","protected":false},"excerpt":{"rendered":"<p>Start n\u00e4chste Ausbildung Farb-, Stil- und Imageberatung:Mai 2026&nbsp;Ausbildung Farbe, Stil, Imagef\u00fcr mehr Details:sarah@betterstyle.at from vision to confidence Ein Workshop f\u00fcr Pr\u00e4senz, Ausstrahlung und einen ersten &hellip; <\/p>\n","protected":false},"author":1,"featured_media":0,"parent":0,"menu_order":0,"comment_status":"closed","ping_status":"open","template":"","meta":{"footnotes":""},"class_list":["post-55","page","type-page","status-publish","hentry"],"_links":{"self":[{"href":"https:\/\/www.betterstyle.at\/index.php?rest_route=\/wp\/v2\/pages\/55","targetHints":{"allow":["GET"]}}],"collection":[{"href":"https:\/\/www.betterstyle.at\/index.php?rest_route=\/wp\/v2\/pages"}],"about":[{"href":"https:\/\/www.betterstyle.at\/index.php?rest_route=\/wp\/v2\/types\/page"}],"author":[{"embeddable":true,"href":"https:\/\/www.betterstyle.at\/index.php?rest_route=\/wp\/v2\/users\/1"}],"replies":[{"embeddable":true,"href":"https:\/\/www.betterstyle.at\/index.php?rest_route=%2Fwp%2Fv2%2Fcomments&post=55"}],"version-history":[{"count":34,"href":"https:\/\/www.betterstyle.at\/index.php?rest_route=\/wp\/v2\/pages\/55\/revisions"}],"predecessor-version":[{"id":1092,"href":"https:\/\/www.betterstyle.at\/index.php?rest_route=\/wp\/v2\/pages\/55\/revisions\/1092"}],"wp:attachment":[{"href":"https:\/\/www.betterstyle.at\/index.php?rest_route=%2Fwp%2Fv2%2Fmedia&parent=55"}],"curies":[{"name":"wp","href":"https:\/\/api.w.org\/{rel}","templated":true}]}}